{"id":242,"date":"2021-01-08T09:09:23","date_gmt":"2021-01-08T08:09:23","guid":{"rendered":"http:\/\/soldatenschicksale.de\/?page_id=242"},"modified":"2024-08-23T14:19:11","modified_gmt":"2024-08-23T12:19:11","slug":"ueber-mich-und-diese-seiten","status":"publish","type":"page","link":"http:\/\/soldatenschicksale.de\/?page_id=242","title":{"rendered":"\u00dcber mich und diese Seiten"},"content":{"rendered":"<p>\u201e<em><strong>Soldatenschicksale<\/strong><\/em>\u201c ist eine Informationspool f\u00fcr Menschen, die sich f\u00fcr die Geschichte der Menschen im Ersten und Zweiten Weltkrieg interessieren. Auf\u00a0 \u201e<em><strong>Soldatenschicksale<\/strong><\/em>\u201c stelle ich Fotos, Dokumente und die Ergebnisse meiner Recherchen zu Soldaten des Ersten und Zweiten Weltkrieges vor. \u201e<em><strong>Soldatenschicksale<\/strong><\/em>\u201c ist ein nicht-kommerzielles Informationsangebot.<\/p>\n<p>Mein geschichtlicher Arbeitsschwerpunkt liegt in der Erforschung von Soldatenschicksalen anhand von Gr\u00e4bern und Grabsteinen, vor allem in den Regionen Elsass, Lothringen, Vogesen, Saarland, Schlesien und Belgien.<\/p>\n<p>Ich besuche regelm\u00e4\u00dfig Soldatenfriedh\u00f6fe, auch um meine Recherchen zu erg\u00e4nzen.<\/p>\n<p>Ich bin Jahrgang 1966 und von Beruf Lehrer f\u00fcr die F\u00e4cher Deutsch und Historisch-politische-Bildung an einer Haupt- und Realschule.<\/p>\n<p><strong>Ich distanziere mich von\u00a0jeglicher\u00a0Art von\u00a0Nationalismus\u00a0und\u00a0Militarismus<\/strong>. Ich verherrliche\u00a0<strong>in keiner Weise<\/strong> irgendwelche geschichtliche Epochen und Ereignisse. Ich selbst habe den Kriegsdienst verweigert und Zivildienst geleistet. Ich bin in Deutschland geboren. Ich lebe gerne in Deutschland und f\u00fchle mich wohl in diesem Land. Es ist mein Heimatland, dem ich mich verbunden f\u00fchle. Ebenso verbunden f\u00fchle ich mich Frankreich, Belgien und Gro\u00dfbritannien. Auch dort f\u00fchle ich mich den Menschen, der Natur, der Kultur und Geschichte verbunden und verbringe gerne Zeit in diesen L\u00e4ndern. Ich f\u00fchle mich als <strong>Europ\u00e4er<\/strong>. Man k\u00f6nnte mich auch als <strong>Weltb\u00fcrger<\/strong> bezeichnen.<\/p>\n<p>Neben &#8222;Soldatenschicksale&#8220; betreibe ich noch die Internetseite &#8222;<a href=\"http:\/\/www.geschichte-hautnah.de\" target=\"_blank\" rel=\"noopener\">Geschichte hautnah<\/a>&#8222;, auf der ich meine Recherchen zum Ersten und Zweiten Weltkrieg basierend auf Sterbebildern und Todesanzeigen und weitere geschichtlichen Themen pr\u00e4sentiere.<\/p>\n<p><em><a title=\"Zu meiner pers\u00f6nlichen Homepage\" href=\"http:\/\/www.peter-steil.de\/\" target=\"_blank\" rel=\"noopener\">Peter Steil<\/a><\/em><\/p>\n","protected":false},"excerpt":{"rendered":"<p>\u201eSoldatenschicksale\u201c ist eine Informationspool f\u00fcr Menschen, die sich f\u00fcr die Geschichte der Menschen im Ersten und Zweiten Weltkrieg interessieren. Auf\u00a0 \u201eSoldatenschicksale\u201c stelle ich Fotos, Dokumente und die Ergebnisse meiner Recherchen zu Soldaten des Ersten und Zweiten Weltkrieges vor. \u201eSoldatenschicksale\u201c ist ein nicht-kommerzielles Informationsangebot. Mein geschichtlicher Arbeitsschwerpunkt liegt in der Erforschung von Soldatenschicksalen anhand von Gr\u00e4bern &hellip; <a href=\"http:\/\/soldatenschicksale.de\/?page_id=242\" class=\"more-link\"><span class=\"screen-reader-text\">\u201e\u00dcber mich und diese Seiten\u201c <\/span>weiterlesen<\/a><\/p>\n","protected":false},"author":2,"featured_media":0,"parent":0,"menu_order":0,"comment_status":"closed","ping_status":"closed","template":"","meta":{"footnotes":"","_wp_rev_ctl_limit":""},"class_list":["post-242","page","type-page","status-publish","hentry"],"_links":{"self":[{"href":"http:\/\/soldatenschicksale.de\/index.php?rest_route=\/wp\/v2\/pages\/242","targetHints":{"allow":["GET"]}}],"collection":[{"href":"http:\/\/soldatenschicksale.de\/index.php?rest_route=\/wp\/v2\/pages"}],"about":[{"href":"http:\/\/soldatenschicksale.de\/index.php?rest_route=\/wp\/v2\/types\/page"}],"author":[{"embeddable":true,"href":"http:\/\/soldatenschicksale.de\/index.php?rest_route=\/wp\/v2\/users\/2"}],"replies":[{"embeddable":true,"href":"http:\/\/soldatenschicksale.de\/index.php?rest_route=%2Fwp%2Fv2%2Fcomments&post=242"}],"version-history":[{"count":0,"href":"http:\/\/soldatenschicksale.de\/index.php?rest_route=\/wp\/v2\/pages\/242\/revisions"}],"wp:attachment":[{"href":"http:\/\/soldatenschicksale.de\/index.php?rest_route=%2Fwp%2Fv2%2Fmedia&parent=242"}],"curies":[{"name":"wp","href":"https:\/\/api.w.org\/{rel}","templated":true}]}}